{"id":203,"date":"2010-10-27T17:36:32","date_gmt":"2010-10-27T15:36:32","guid":{"rendered":"https:\/\/kolpingsfamilie-vechta-maria-frieden.de\/?page_id=203"},"modified":"2024-01-15T20:02:37","modified_gmt":"2024-01-15T19:02:37","slug":"fotoalbum1","status":"publish","type":"page","link":"https:\/\/kolpingsfamilie-vechta-maria-frieden.de\/?page_id=203","title":{"rendered":"Fotos"},"content":{"rendered":"\n<h2 class=\"wp-block-heading\">Kolpinggedenktag\/Generalversammlung 9. Dezember 2023<\/h2>\n\n\n\n<figure class=\"wp-block-gallery has-nested-images columns-default is-cropped wp-block-gallery-1 is-layout-flex wp-block-gallery-is-layout-flex\">\n<figure class=\"wp-block-image size-large\"><a href=\"https:\/\/kolpingsfamilie-vechta-maria-frieden.de\/wp-content\/uploads\/2024\/01\/Generalversammlung_2023-12-09_19.03.55.jpg\"><img loading=\"lazy\" decoding=\"async\" width=\"1024\" height=\"656\" data-id=\"2824\" src=\"https:\/\/kolpingsfamilie-vechta-maria-frieden.de\/wp-content\/uploads\/2024\/01\/Generalversammlung_2023-12-09_19.03.55-1024x656.jpg\" alt=\"\" class=\"wp-image-2824\" srcset=\"https:\/\/kolpingsfamilie-vechta-maria-frieden.de\/wp-content\/uploads\/2024\/01\/Generalversammlung_2023-12-09_19.03.55-1024x656.jpg 1024w, https:\/\/kolpingsfamilie-vechta-maria-frieden.de\/wp-content\/uploads\/2024\/01\/Generalversammlung_2023-12-09_19.03.55-300x192.jpg 300w, https:\/\/kolpingsfamilie-vechta-maria-frieden.de\/wp-content\/uploads\/2024\/01\/Generalversammlung_2023-12-09_19.03.55-768x492.jpg 768w, https:\/\/kolpingsfamilie-vechta-maria-frieden.de\/wp-content\/uploads\/2024\/01\/Generalversammlung_2023-12-09_19.03.55-1536x984.jpg 1536w, https:\/\/kolpingsfamilie-vechta-maria-frieden.de\/wp-content\/uploads\/2024\/01\/Generalversammlung_2023-12-09_19.03.55-2048x1312.jpg 2048w, https:\/\/kolpingsfamilie-vechta-maria-frieden.de\/wp-content\/uploads\/2024\/01\/Generalversammlung_2023-12-09_19.03.55-150x96.jpg 150w\" sizes=\"(max-width: 1024px) 100vw, 1024px\" \/><\/a><\/figure>\n\n\n\n<figure class=\"wp-block-image size-large\"><a href=\"https:\/\/kolpingsfamilie-vechta-maria-frieden.de\/wp-content\/uploads\/2024\/01\/Generalversammlung_2023-12-09_19.05.27.jpg\"><img loading=\"lazy\" decoding=\"async\" width=\"1024\" height=\"683\" data-id=\"2822\" src=\"https:\/\/kolpingsfamilie-vechta-maria-frieden.de\/wp-content\/uploads\/2024\/01\/Generalversammlung_2023-12-09_19.05.27-1024x683.jpg\" alt=\"\" class=\"wp-image-2822\" srcset=\"https:\/\/kolpingsfamilie-vechta-maria-frieden.de\/wp-content\/uploads\/2024\/01\/Generalversammlung_2023-12-09_19.05.27-1024x683.jpg 1024w, https:\/\/kolpingsfamilie-vechta-maria-frieden.de\/wp-content\/uploads\/2024\/01\/Generalversammlung_2023-12-09_19.05.27-300x200.jpg 300w, https:\/\/kolpingsfamilie-vechta-maria-frieden.de\/wp-content\/uploads\/2024\/01\/Generalversammlung_2023-12-09_19.05.27-768x512.jpg 768w, https:\/\/kolpingsfamilie-vechta-maria-frieden.de\/wp-content\/uploads\/2024\/01\/Generalversammlung_2023-12-09_19.05.27-1536x1024.jpg 1536w, https:\/\/kolpingsfamilie-vechta-maria-frieden.de\/wp-content\/uploads\/2024\/01\/Generalversammlung_2023-12-09_19.05.27-2048x1365.jpg 2048w, https:\/\/kolpingsfamilie-vechta-maria-frieden.de\/wp-content\/uploads\/2024\/01\/Generalversammlung_2023-12-09_19.05.27-150x100.jpg 150w\" sizes=\"(max-width: 1024px) 100vw, 1024px\" \/><\/a><\/figure>\n\n\n\n<figure class=\"wp-block-image size-large\"><a href=\"https:\/\/kolpingsfamilie-vechta-maria-frieden.de\/wp-content\/uploads\/2024\/01\/Generalversammlung_2023-12-09_19.05.54.jpg\"><img loading=\"lazy\" decoding=\"async\" width=\"1024\" height=\"683\" data-id=\"2823\" src=\"https:\/\/kolpingsfamilie-vechta-maria-frieden.de\/wp-content\/uploads\/2024\/01\/Generalversammlung_2023-12-09_19.05.54-1024x683.jpg\" alt=\"\" class=\"wp-image-2823\" srcset=\"https:\/\/kolpingsfamilie-vechta-maria-frieden.de\/wp-content\/uploads\/2024\/01\/Generalversammlung_2023-12-09_19.05.54-1024x683.jpg 1024w, https:\/\/kolpingsfamilie-vechta-maria-frieden.de\/wp-content\/uploads\/2024\/01\/Generalversammlung_2023-12-09_19.05.54-300x200.jpg 300w, https:\/\/kolpingsfamilie-vechta-maria-frieden.de\/wp-content\/uploads\/2024\/01\/Generalversammlung_2023-12-09_19.05.54-768x512.jpg 768w, https:\/\/kolpingsfamilie-vechta-maria-frieden.de\/wp-content\/uploads\/2024\/01\/Generalversammlung_2023-12-09_19.05.54-1536x1024.jpg 1536w, https:\/\/kolpingsfamilie-vechta-maria-frieden.de\/wp-content\/uploads\/2024\/01\/Generalversammlung_2023-12-09_19.05.54-2048x1365.jpg 2048w, https:\/\/kolpingsfamilie-vechta-maria-frieden.de\/wp-content\/uploads\/2024\/01\/Generalversammlung_2023-12-09_19.05.54-150x100.jpg 150w\" sizes=\"(max-width: 1024px) 100vw, 1024px\" \/><\/a><\/figure>\n\n\n\n<figure class=\"wp-block-image size-large\"><a href=\"https:\/\/kolpingsfamilie-vechta-maria-frieden.de\/wp-content\/uploads\/2024\/01\/Generalversammlung_2023-12-09_19.27.26.jpg\"><img loading=\"lazy\" decoding=\"async\" width=\"1024\" height=\"644\" data-id=\"2821\" src=\"https:\/\/kolpingsfamilie-vechta-maria-frieden.de\/wp-content\/uploads\/2024\/01\/Generalversammlung_2023-12-09_19.27.26-1024x644.jpg\" alt=\"\" class=\"wp-image-2821\" srcset=\"https:\/\/kolpingsfamilie-vechta-maria-frieden.de\/wp-content\/uploads\/2024\/01\/Generalversammlung_2023-12-09_19.27.26-1024x644.jpg 1024w, https:\/\/kolpingsfamilie-vechta-maria-frieden.de\/wp-content\/uploads\/2024\/01\/Generalversammlung_2023-12-09_19.27.26-300x189.jpg 300w, https:\/\/kolpingsfamilie-vechta-maria-frieden.de\/wp-content\/uploads\/2024\/01\/Generalversammlung_2023-12-09_19.27.26-768x483.jpg 768w, https:\/\/kolpingsfamilie-vechta-maria-frieden.de\/wp-content\/uploads\/2024\/01\/Generalversammlung_2023-12-09_19.27.26-1536x966.jpg 1536w, https:\/\/kolpingsfamilie-vechta-maria-frieden.de\/wp-content\/uploads\/2024\/01\/Generalversammlung_2023-12-09_19.27.26-150x94.jpg 150w, https:\/\/kolpingsfamilie-vechta-maria-frieden.de\/wp-content\/uploads\/2024\/01\/Generalversammlung_2023-12-09_19.27.26.jpg 1732w\" sizes=\"(max-width: 1024px) 100vw, 1024px\" \/><\/a><\/figure>\n\n\n\n<figure class=\"wp-block-image size-large\"><a href=\"https:\/\/kolpingsfamilie-vechta-maria-frieden.de\/wp-content\/uploads\/2024\/01\/Generalversammlung_2023-12-09_19.55.41.jpg\"><img loading=\"lazy\" decoding=\"async\" width=\"1024\" height=\"683\" data-id=\"2829\" src=\"https:\/\/kolpingsfamilie-vechta-maria-frieden.de\/wp-content\/uploads\/2024\/01\/Generalversammlung_2023-12-09_19.55.41-1024x683.jpg\" alt=\"\" class=\"wp-image-2829\" srcset=\"https:\/\/kolpingsfamilie-vechta-maria-frieden.de\/wp-content\/uploads\/2024\/01\/Generalversammlung_2023-12-09_19.55.41-1024x683.jpg 1024w, https:\/\/kolpingsfamilie-vechta-maria-frieden.de\/wp-content\/uploads\/2024\/01\/Generalversammlung_2023-12-09_19.55.41-300x200.jpg 300w, https:\/\/kolpingsfamilie-vechta-maria-frieden.de\/wp-content\/uploads\/2024\/01\/Generalversammlung_2023-12-09_19.55.41-768x512.jpg 768w, https:\/\/kolpingsfamilie-vechta-maria-frieden.de\/wp-content\/uploads\/2024\/01\/Generalversammlung_2023-12-09_19.55.41-1536x1024.jpg 1536w, https:\/\/kolpingsfamilie-vechta-maria-frieden.de\/wp-content\/uploads\/2024\/01\/Generalversammlung_2023-12-09_19.55.41-2048x1365.jpg 2048w, https:\/\/kolpingsfamilie-vechta-maria-frieden.de\/wp-content\/uploads\/2024\/01\/Generalversammlung_2023-12-09_19.55.41-150x100.jpg 150w\" sizes=\"(max-width: 1024px) 100vw, 1024px\" \/><\/a><\/figure>\n\n\n\n<figure class=\"wp-block-image size-large\"><a href=\"https:\/\/kolpingsfamilie-vechta-maria-frieden.de\/wp-content\/uploads\/2024\/01\/Generalversammlung_2023-12-09_19.59.49.jpg\"><img loading=\"lazy\" decoding=\"async\" width=\"1024\" height=\"683\" data-id=\"2826\" src=\"https:\/\/kolpingsfamilie-vechta-maria-frieden.de\/wp-content\/uploads\/2024\/01\/Generalversammlung_2023-12-09_19.59.49-1024x683.jpg\" alt=\"\" class=\"wp-image-2826\" srcset=\"https:\/\/kolpingsfamilie-vechta-maria-frieden.de\/wp-content\/uploads\/2024\/01\/Generalversammlung_2023-12-09_19.59.49-1024x683.jpg 1024w, https:\/\/kolpingsfamilie-vechta-maria-frieden.de\/wp-content\/uploads\/2024\/01\/Generalversammlung_2023-12-09_19.59.49-300x200.jpg 300w, https:\/\/kolpingsfamilie-vechta-maria-frieden.de\/wp-content\/uploads\/2024\/01\/Generalversammlung_2023-12-09_19.59.49-768x512.jpg 768w, https:\/\/kolpingsfamilie-vechta-maria-frieden.de\/wp-content\/uploads\/2024\/01\/Generalversammlung_2023-12-09_19.59.49-1536x1024.jpg 1536w, https:\/\/kolpingsfamilie-vechta-maria-frieden.de\/wp-content\/uploads\/2024\/01\/Generalversammlung_2023-12-09_19.59.49-2048x1365.jpg 2048w, https:\/\/kolpingsfamilie-vechta-maria-frieden.de\/wp-content\/uploads\/2024\/01\/Generalversammlung_2023-12-09_19.59.49-150x100.jpg 150w\" sizes=\"(max-width: 1024px) 100vw, 1024px\" \/><\/a><\/figure>\n\n\n\n<figure class=\"wp-block-image size-large\"><a href=\"https:\/\/kolpingsfamilie-vechta-maria-frieden.de\/wp-content\/uploads\/2024\/01\/Generalversammlung_2023-12-09_20.00.22.jpg\"><img loading=\"lazy\" decoding=\"async\" width=\"1024\" height=\"683\" data-id=\"2827\" src=\"https:\/\/kolpingsfamilie-vechta-maria-frieden.de\/wp-content\/uploads\/2024\/01\/Generalversammlung_2023-12-09_20.00.22-1024x683.jpg\" alt=\"\" class=\"wp-image-2827\" srcset=\"https:\/\/kolpingsfamilie-vechta-maria-frieden.de\/wp-content\/uploads\/2024\/01\/Generalversammlung_2023-12-09_20.00.22-1024x683.jpg 1024w, https:\/\/kolpingsfamilie-vechta-maria-frieden.de\/wp-content\/uploads\/2024\/01\/Generalversammlung_2023-12-09_20.00.22-300x200.jpg 300w, https:\/\/kolpingsfamilie-vechta-maria-frieden.de\/wp-content\/uploads\/2024\/01\/Generalversammlung_2023-12-09_20.00.22-768x512.jpg 768w, https:\/\/kolpingsfamilie-vechta-maria-frieden.de\/wp-content\/uploads\/2024\/01\/Generalversammlung_2023-12-09_20.00.22-1536x1024.jpg 1536w, https:\/\/kolpingsfamilie-vechta-maria-frieden.de\/wp-content\/uploads\/2024\/01\/Generalversammlung_2023-12-09_20.00.22-2048x1365.jpg 2048w, https:\/\/kolpingsfamilie-vechta-maria-frieden.de\/wp-content\/uploads\/2024\/01\/Generalversammlung_2023-12-09_20.00.22-150x100.jpg 150w\" sizes=\"(max-width: 1024px) 100vw, 1024px\" \/><\/a><\/figure>\n\n\n\n<figure class=\"wp-block-image size-large\"><a href=\"https:\/\/kolpingsfamilie-vechta-maria-frieden.de\/wp-content\/uploads\/2024\/01\/Generalversammlung_2023-12-09_20.01.37.jpg\"><img loading=\"lazy\" decoding=\"async\" width=\"1024\" height=\"683\" data-id=\"2828\" src=\"https:\/\/kolpingsfamilie-vechta-maria-frieden.de\/wp-content\/uploads\/2024\/01\/Generalversammlung_2023-12-09_20.01.37-1024x683.jpg\" alt=\"\" class=\"wp-image-2828\" srcset=\"https:\/\/kolpingsfamilie-vechta-maria-frieden.de\/wp-content\/uploads\/2024\/01\/Generalversammlung_2023-12-09_20.01.37-1024x683.jpg 1024w, https:\/\/kolpingsfamilie-vechta-maria-frieden.de\/wp-content\/uploads\/2024\/01\/Generalversammlung_2023-12-09_20.01.37-300x200.jpg 300w, https:\/\/kolpingsfamilie-vechta-maria-frieden.de\/wp-content\/uploads\/2024\/01\/Generalversammlung_2023-12-09_20.01.37-768x512.jpg 768w, https:\/\/kolpingsfamilie-vechta-maria-frieden.de\/wp-content\/uploads\/2024\/01\/Generalversammlung_2023-12-09_20.01.37-1536x1024.jpg 1536w, https:\/\/kolpingsfamilie-vechta-maria-frieden.de\/wp-content\/uploads\/2024\/01\/Generalversammlung_2023-12-09_20.01.37-2048x1365.jpg 2048w, https:\/\/kolpingsfamilie-vechta-maria-frieden.de\/wp-content\/uploads\/2024\/01\/Generalversammlung_2023-12-09_20.01.37-150x100.jpg 150w\" sizes=\"(max-width: 1024px) 100vw, 1024px\" \/><\/a><\/figure>\n\n\n\n<figure class=\"wp-block-image size-large\"><a href=\"https:\/\/kolpingsfamilie-vechta-maria-frieden.de\/wp-content\/uploads\/2024\/01\/Generalversammlung_2023-12-09_20.16.39.jpg\"><img loading=\"lazy\" decoding=\"async\" width=\"1024\" height=\"769\" data-id=\"2820\" src=\"https:\/\/kolpingsfamilie-vechta-maria-frieden.de\/wp-content\/uploads\/2024\/01\/Generalversammlung_2023-12-09_20.16.39-1024x769.jpg\" alt=\"\" class=\"wp-image-2820\" srcset=\"https:\/\/kolpingsfamilie-vechta-maria-frieden.de\/wp-content\/uploads\/2024\/01\/Generalversammlung_2023-12-09_20.16.39-1024x769.jpg 1024w, https:\/\/kolpingsfamilie-vechta-maria-frieden.de\/wp-content\/uploads\/2024\/01\/Generalversammlung_2023-12-09_20.16.39-300x225.jpg 300w, https:\/\/kolpingsfamilie-vechta-maria-frieden.de\/wp-content\/uploads\/2024\/01\/Generalversammlung_2023-12-09_20.16.39-768x576.jpg 768w, https:\/\/kolpingsfamilie-vechta-maria-frieden.de\/wp-content\/uploads\/2024\/01\/Generalversammlung_2023-12-09_20.16.39-1536x1153.jpg 1536w, https:\/\/kolpingsfamilie-vechta-maria-frieden.de\/wp-content\/uploads\/2024\/01\/Generalversammlung_2023-12-09_20.16.39-150x113.jpg 150w, https:\/\/kolpingsfamilie-vechta-maria-frieden.de\/wp-content\/uploads\/2024\/01\/Generalversammlung_2023-12-09_20.16.39.jpg 1556w\" sizes=\"(max-width: 1024px) 100vw, 1024px\" \/><\/a><\/figure>\n\n\n\n<figure class=\"wp-block-image size-large\"><a href=\"https:\/\/kolpingsfamilie-vechta-maria-frieden.de\/wp-content\/uploads\/2024\/01\/Generalversammlung_2023-12-09_20.32.20.jpg\"><img loading=\"lazy\" decoding=\"async\" width=\"1024\" height=\"683\" data-id=\"2825\" src=\"https:\/\/kolpingsfamilie-vechta-maria-frieden.de\/wp-content\/uploads\/2024\/01\/Generalversammlung_2023-12-09_20.32.20-1024x683.jpg\" alt=\"\" class=\"wp-image-2825\" srcset=\"https:\/\/kolpingsfamilie-vechta-maria-frieden.de\/wp-content\/uploads\/2024\/01\/Generalversammlung_2023-12-09_20.32.20-1024x683.jpg 1024w, https:\/\/kolpingsfamilie-vechta-maria-frieden.de\/wp-content\/uploads\/2024\/01\/Generalversammlung_2023-12-09_20.32.20-300x200.jpg 300w, https:\/\/kolpingsfamilie-vechta-maria-frieden.de\/wp-content\/uploads\/2024\/01\/Generalversammlung_2023-12-09_20.32.20-768x512.jpg 768w, https:\/\/kolpingsfamilie-vechta-maria-frieden.de\/wp-content\/uploads\/2024\/01\/Generalversammlung_2023-12-09_20.32.20-1536x1024.jpg 1536w, https:\/\/kolpingsfamilie-vechta-maria-frieden.de\/wp-content\/uploads\/2024\/01\/Generalversammlung_2023-12-09_20.32.20-2048x1365.jpg 2048w, https:\/\/kolpingsfamilie-vechta-maria-frieden.de\/wp-content\/uploads\/2024\/01\/Generalversammlung_2023-12-09_20.32.20-150x100.jpg 150w\" sizes=\"(max-width: 1024px) 100vw, 1024px\" \/><\/a><\/figure>\n<\/figure>\n\n\n\r\n<div class=\"ngg-albumoverview\">\t\r\n\t<!-- List of galleries -->\r\n\t\r\n\t<div class=\"ngg-album\">\r\n\t\t<div class=\"ngg-albumtitle\"><a href=\"https:\/\/kolpingsfamilie-vechta-maria-frieden.de\/?page_id=203&amp;album=5&amp;gallery=100\">2023 Tagesausflug Emsflower, Ootmarsum<\/a><\/div>\r\n\t\t\t<div class=\"ngg-albumcontent\">\r\n\t\t\t\t<div class=\"ngg-thumbnail\">\r\n\t\t\t\t\t<a href=\"https:\/\/kolpingsfamilie-vechta-maria-frieden.de\/?page_id=203&amp;album=5&amp;gallery=100\"><img decoding=\"async\" class=\"Thumb\" alt=\"2023 Tagesausflug Emsflower, Ootmarsum\" src=\"https:\/\/kolpingsfamilie-vechta-maria-frieden.de\/wp-content\/gallery\/tagesausflug-2023-emsflower-ootmarsum\/thumbs\/thumbs_emsflower_ootmarsum_2023-07-01_10-58-29.jpg\"\/><\/a>\r\n\t\t\t\t<\/div>\r\n\t\t\t\t<div class=\"ngg-description\">\r\n\t\t\t\t<p>Bei durchwachsenem Wetter ging der Tagesausflug morgens zum Gartenbauunternehmen Emsflower im emsl\u00e4ndischen Emsb\u00fcren und nachmittags in den malerischen niederl\u00e4ndischen Ort Ootmarsum. <\/p>\r\n\t\t\t\t\t\t\t\t<p><strong>31<\/strong> Fotos<\/p>\r\n\t\t\t\t\t\t\t<\/div>\r\n\t\t<\/div>\r\n\t<\/div>\r\n\r\n \t\r\n\t<div class=\"ngg-album\">\r\n\t\t<div class=\"ngg-albumtitle\"><a href=\"https:\/\/kolpingsfamilie-vechta-maria-frieden.de\/?page_id=203&amp;album=5&amp;gallery=99\">2022 Maibaumsetzen<\/a><\/div>\r\n\t\t\t<div class=\"ngg-albumcontent\">\r\n\t\t\t\t<div class=\"ngg-thumbnail\">\r\n\t\t\t\t\t<a href=\"https:\/\/kolpingsfamilie-vechta-maria-frieden.de\/?page_id=203&amp;album=5&amp;gallery=99\"><img decoding=\"async\" class=\"Thumb\" alt=\"2022 Maibaumsetzen\" src=\"https:\/\/kolpingsfamilie-vechta-maria-frieden.de\/wp-content\/gallery\/maibaumsetzen-2021\/thumbs\/thumbs_7_mailbaum_2022-04-30.jpg\"\/><\/a>\r\n\t\t\t\t<\/div>\r\n\t\t\t\t<div class=\"ngg-description\">\r\n\t\t\t\t<p>Bilder vom Maibaumsetzen 2022-04-30 ab 18:00<\/p>\r\n\t\t\t\t\t\t\t\t<p><strong>8<\/strong> Fotos<\/p>\r\n\t\t\t\t\t\t\t<\/div>\r\n\t\t<\/div>\r\n\t<\/div>\r\n\r\n \t\r\n\t<div class=\"ngg-album\">\r\n\t\t<div class=\"ngg-albumtitle\"><a href=\"https:\/\/kolpingsfamilie-vechta-maria-frieden.de\/?page_id=203&amp;album=5&amp;gallery=98\">2021 Jahresausflug Saarlouis<\/a><\/div>\r\n\t\t\t<div class=\"ngg-albumcontent\">\r\n\t\t\t\t<div class=\"ngg-thumbnail\">\r\n\t\t\t\t\t<a href=\"https:\/\/kolpingsfamilie-vechta-maria-frieden.de\/?page_id=203&amp;album=5&amp;gallery=98\"><img decoding=\"async\" class=\"Thumb\" alt=\"2021 Jahresausflug Saarlouis\" src=\"https:\/\/kolpingsfamilie-vechta-maria-frieden.de\/wp-content\/gallery\/jahresausflug-saarlouis-2021-07-07-2021-07-09\/thumbs\/thumbs_saarlouis_2021-10-08_10-54-43.jpg\"\/><\/a>\r\n\t\t\t\t<\/div>\r\n\t\t\t\t<div class=\"ngg-description\">\r\n\t\t\t\t<p>Bilder vom Jahresausflug Saarlouis<br>2021-07-07\u00a0\u2013\u00a02021-07-09<\/p>\r\n\t\t\t\t\t\t\t\t<p><strong>41<\/strong> Fotos<\/p>\r\n\t\t\t\t\t\t\t<\/div>\r\n\t\t<\/div>\r\n\t<\/div>\r\n\r\n \t\r\n\t<div class=\"ngg-album\">\r\n\t\t<div class=\"ngg-albumtitle\"><a href=\"https:\/\/kolpingsfamilie-vechta-maria-frieden.de\/?page_id=203&amp;album=5&amp;gallery=97\">2020 Corona-Maibaum<\/a><\/div>\r\n\t\t\t<div class=\"ngg-albumcontent\">\r\n\t\t\t\t<div class=\"ngg-thumbnail\">\r\n\t\t\t\t\t<a href=\"https:\/\/kolpingsfamilie-vechta-maria-frieden.de\/?page_id=203&amp;album=5&amp;gallery=97\"><img decoding=\"async\" class=\"Thumb\" alt=\"2020 Corona-Maibaum\" src=\"https:\/\/kolpingsfamilie-vechta-maria-frieden.de\/wp-content\/gallery\/corona-maibaum\/thumbs\/thumbs_corona-maibaum.jpg\"\/><\/a>\r\n\t\t\t\t<\/div>\r\n\t\t\t\t<div class=\"ngg-description\">\r\n\t\t\t\t<p>Da das Maibaumsetzen 2020 ausfallen musste, haben sich Anke und Helmut Meyer kurzerhand entschlossen, einen Ersatz-Maibaum aufzustellen. Dieser schm\u00fcckt nun den Kolpingraum im Pfarrheim Maria Frieden. Nat\u00fcrlich wurde beim Aufstellen des Maibaums auch ein Maibaumlied gesungen. Das Begie\u00dfen des Baumes fand verst\u00e4ndlicherweise nicht statt, die beiden stie\u00dfen in Vertretung f\u00fcr alle Kolpinger aber mit einem Bier auf den Maibaum 2020 an!\r\nEin dickes Dankesch\u00f6n an Anke und Helmut f\u00fcr diese tolle Idee!<\/p>\r\n\t\t\t\t\t\t\t\t<p><strong>1<\/strong> Fotos<\/p>\r\n\t\t\t\t\t\t\t<\/div>\r\n\t\t<\/div>\r\n\t<\/div>\r\n\r\n \t\r\n\t<div class=\"ngg-album\">\r\n\t\t<div class=\"ngg-albumtitle\"><a href=\"https:\/\/kolpingsfamilie-vechta-maria-frieden.de\/?page_id=203&amp;album=5&amp;gallery=96\">2019 Jahresausflug Kopenhagen<\/a><\/div>\r\n\t\t\t<div class=\"ngg-albumcontent\">\r\n\t\t\t\t<div class=\"ngg-thumbnail\">\r\n\t\t\t\t\t<a href=\"https:\/\/kolpingsfamilie-vechta-maria-frieden.de\/?page_id=203&amp;album=5&amp;gallery=96\"><img decoding=\"async\" class=\"Thumb\" alt=\"2019 Jahresausflug Kopenhagen\" src=\"https:\/\/kolpingsfamilie-vechta-maria-frieden.de\/wp-content\/gallery\/jahresausflug-2019-kopenhagen\/thumbs\/thumbs_kopenhagen_2019-10-12_17-28-52.jpg\"\/><\/a>\r\n\t\t\t\t<\/div>\r\n\t\t\t\t<div class=\"ngg-description\">\r\n\t\t\t\t<p>Bilder vom Jahresausflug Kopenhagen\r\n2019-10-10\u00a0\u2013\u00a02019-10-12<\/p>\r\n\t\t\t\t\t\t\t\t<p><strong>42<\/strong> Fotos<\/p>\r\n\t\t\t\t\t\t\t<\/div>\r\n\t\t<\/div>\r\n\t<\/div>\r\n\r\n \t\r\n\t<div class=\"ngg-album\">\r\n\t\t<div class=\"ngg-albumtitle\"><a href=\"https:\/\/kolpingsfamilie-vechta-maria-frieden.de\/?page_id=203&amp;album=5&amp;gallery=95\">2019 Tagesausflug Celle<\/a><\/div>\r\n\t\t\t<div class=\"ngg-albumcontent\">\r\n\t\t\t\t<div class=\"ngg-thumbnail\">\r\n\t\t\t\t\t<a href=\"https:\/\/kolpingsfamilie-vechta-maria-frieden.de\/?page_id=203&amp;album=5&amp;gallery=95\"><img decoding=\"async\" class=\"Thumb\" alt=\"2019 Tagesausflug Celle\" src=\"https:\/\/kolpingsfamilie-vechta-maria-frieden.de\/wp-content\/gallery\/tagesausflug-celle-2018-05-25\/thumbs\/thumbs_tagestour_celle_2019-05-25_15-37-51.jpg\"\/><\/a>\r\n\t\t\t\t<\/div>\r\n\t\t\t\t<div class=\"ngg-description\">\r\n\t\t\t\t<p>Bilder vom Tagesausflug nach Celle am Samstag\r\n2019-05-25<\/p>\r\n\t\t\t\t\t\t\t\t<p><strong>33<\/strong> Fotos<\/p>\r\n\t\t\t\t\t\t\t<\/div>\r\n\t\t<\/div>\r\n\t<\/div>\r\n\r\n \t \t\r\n\t<!-- Pagination -->\r\n \t<div class=\"ngg-clear\"><\/div> \t\r\n<\/div>\r\n\r\n\n","protected":false},"excerpt":{"rendered":"<p>Kolpinggedenktag\/Generalversammlung 9. Dezember 2023<\/p>\n","protected":false},"author":10,"featured_media":0,"parent":0,"menu_order":0,"comment_status":"closed","ping_status":"closed","template":"","meta":{"footnotes":""},"_links":{"self":[{"href":"https:\/\/kolpingsfamilie-vechta-maria-frieden.de\/index.php?rest_route=\/wp\/v2\/pages\/203"}],"collection":[{"href":"https:\/\/kolpingsfamilie-vechta-maria-frieden.de\/index.php?rest_route=\/wp\/v2\/pages"}],"about":[{"href":"https:\/\/kolpingsfamilie-vechta-maria-frieden.de\/index.php?rest_route=\/wp\/v2\/types\/page"}],"author":[{"embeddable":true,"href":"https:\/\/kolpingsfamilie-vechta-maria-frieden.de\/index.php?rest_route=\/wp\/v2\/users\/10"}],"replies":[{"embeddable":true,"href":"https:\/\/kolpingsfamilie-vechta-maria-frieden.de\/index.php?rest_route=%2Fwp%2Fv2%2Fcomments&post=203"}],"version-history":[{"count":22,"href":"https:\/\/kolpingsfamilie-vechta-maria-frieden.de\/index.php?rest_route=\/wp\/v2\/pages\/203\/revisions"}],"predecessor-version":[{"id":2831,"href":"https:\/\/kolpingsfamilie-vechta-maria-frieden.de\/index.php?rest_route=\/wp\/v2\/pages\/203\/revisions\/2831"}],"wp:attachment":[{"href":"https:\/\/kolpingsfamilie-vechta-maria-frieden.de\/index.php?rest_route=%2Fwp%2Fv2%2Fmedia&parent=203"}],"curies":[{"name":"wp","href":"https:\/\/api.w.org\/{rel}","templated":true}]}}