{"id":2076,"date":"2018-06-03T19:39:54","date_gmt":"2018-06-03T17:39:54","guid":{"rendered":"https:\/\/kolpingsfamilie-vechta-maria-frieden.de\/?page_id=2076"},"modified":"2022-05-05T19:12:06","modified_gmt":"2022-05-05T17:12:06","slug":"datenschutzerklaerung","status":"publish","type":"page","link":"https:\/\/kolpingsfamilie-vechta-maria-frieden.de\/?page_id=2076","title":{"rendered":"Datenschutzerkl\u00e4rung"},"content":{"rendered":"<h2>1. Datenschutz auf einen Blick<\/h2>\n<h3>Allgemeine Hinweise<\/h3>\n<p>Die folgenden Hinweise geben einen einfachen \u00dcberblick dar\u00fcber, was mit Ihren personenbezogenen Daten passiert, wenn Sie unsere Website besuchen. Personenbezogene Daten sind alle Daten, mit denen Sie pers\u00f6nlich identi\ufb01ziert werden k\u00f6nnen.<\/p>\n<h3>Datenerfassung auf unserer Website<\/h3>\n<p><em>Wer ist verantwortlich f\u00fcr die Datenerfassung auf dieser Website?<\/em><\/p>\n<p>Die Datenverarbeitung auf dieser Website erfolgt durch den Websitebetreiber. Dessen Kontaktdaten k\u00f6nnen Sie dem Impressum dieser Website entnehmen.<\/p>\n<p><em>Wie erfassen wir Ihre Daten?<\/em><\/p>\n<p>Ihre Daten werden zum einen dadurch erhoben, dass Sie uns diese mitteilen. Hierbei kann es sich z.\u202fB. um Daten handeln, die Sie in ein Kontaktformular eingeben. Andere Daten werden automatisch beim Besuch der Website durch unsere IT-Systeme erfasst. Das sind vor allem technische Daten (z.\u202fB. Internetbrowser, Betriebssystem oder Uhrzeit des Seitenaufrufs). Die Erfassung dieser Daten erfolgt automatisch, sobald Sie unsere Website betreten.<\/p>\n<p><em>Wof\u00fcr nutzen wir Ihre Daten?<\/em><\/p>\n<p>Die Daten werden erhoben, um eine fehlerfreie Bereitstellung der Website zu gew\u00e4hrleisten.<\/p>\n<p><em>Welche Rechte haben Sie bez\u00fcglich Ihrer Daten?<\/em><\/p>\n<p>Sie haben jederzeit das Recht unentgeltlich Auskunft \u00fcber Herkunft, Empf\u00e4nger und Zweck Ihrer gespeicherten personenbezogenen Daten zu erhalten. Sie haben au\u00dferdem ein Recht, die Berichtigung, Sperrung oder L\u00f6schung dieser Daten zu verlangen. Hierzu sowie zu weiteren Fragen zum Thema Datenschutz k\u00f6nnen Sie sich jederzeit unter der im Impressum angegebenen Adresse an uns wenden. Des Weiteren steht Ihnen ein Beschwerderecht bei der zust\u00e4ndigen Aufsichtsbeh\u00f6rde zu.<\/p>\n<h2>2. Allgemeine Hinweise und P\ufb02ichtinformationen<\/h2>\n<h3>Datenschutz<\/h3>\n<p>Die Betreiber dieser Seiten nehmen den Schutz Ihrer pers\u00f6nlichen Daten sehr ernst. Wir behandeln Ihre personenbezogenen Daten vertraulich und entsprechend der gesetzlichen Datenschutzvorschriften sowie dieser Datenschutzerkl\u00e4rung.<br \/>\nWenn Sie diese Website benutzen, werden verschiedene personenbezogene Daten erhoben. Personenbezogene Daten sind Daten, mit denen Sie pers\u00f6nlich identi\ufb01ziert werden k\u00f6nnen. Die vorliegende Datenschutzerkl\u00e4rung erl\u00e4utert, welche Daten wir erheben und wof\u00fcr wir sie nutzen. Sie erl\u00e4utert auch, wie und zu welchem Zweck das geschieht.<br \/>\nAlle Verbindungen mit dieser Seite sind mittels TLS (damaliger Name: SSL) dem aktuellen Industriestandard entsprechend vor Auslese und Manipulation gesch\u00fctzt. Wir weisen darauf hin, dass die Daten\u00fcbertragung im Internet (z.\u202fB. bei der Kommunikation per E-Mail) Sicherheitsl\u00fccken aufweisen kann. Ein l\u00fcckenloser Schutz der Daten vor dem Zugri\ufb00 durch Dritte ist nicht m\u00f6glich.<\/p>\n<h3>Hinweis zur verantwortlichen Stelle<\/h3>\n<p>Die verantwortliche Stelle f\u00fcr die Datenverarbeitung auf dieser Website ist:<\/p>\n<p>Rainer\u00a0Br\u00f6ring<br \/>\nGrambker\u00a0Heerstr. 65<br \/>\n28719 Bremen<br \/>\nE-Mail: admin [at] kolpingsfamilie-vechta-maria-frieden [dot] de<\/p>\n<p>Verantwortliche Stelle ist die nat\u00fcrliche oder juristische Person, die allein oder gemeinsam mit anderen \u00fcber die Zwecke und Mittel der Verarbeitung von personenbezogenen Daten (z.\u202fB. Namen, E-Mail-Adressen o.\u202f\u00c4.) entscheidet.<\/p>\n<h3>Widerruf Ihrer Einwilligung zur Datenverarbeitung<\/h3>\n<p>Viele Datenverarbeitungsvorg\u00e4nge sind nur mit Ihrer ausdr\u00fccklichen Einwilligung m\u00f6glich. Sie k\u00f6nnen eine bereits erteilte Einwilligung jederzeit widerrufen. Dazu reicht eine formlose Mitteilung per E-Mail an uns. Die Rechtm\u00e4\u00dfigkeit der bis zum Widerruf erfolgten Datenverarbeitung bleibt vom Widerruf unber\u00fchrt.<\/p>\n<h3>Beschwerderecht bei der zust\u00e4ndigen Aufsichtsbeh\u00f6rde<\/h3>\n<p>Im Falle datenschutzrechtlicher Verst\u00f6\u00dfe steht dem Betro\ufb00enen ein Beschwerderecht bei der zust\u00e4ndigen Aufsichtsbeh\u00f6rde zu. Zust\u00e4ndige Aufsichtsbeh\u00f6rde in datenschutzrechtlichen Fragen ist der Landesdatenschutzbeauftragte des Bundeslandes, in dem unser Unternehmen seinen Sitz hat. Eine Liste der Datenschutzbeauftragten sowie deren Kontaktdaten k\u00f6nnen folgendem Link entnommen werden:<br \/>\n<a href=\"https:\/\/www.bfdi.bund.de\/DE\/Infothek\/Anschriften_Links\/anschriften_links-node.html\">https:\/\/www.bfdi.bund.de\/DE\/Infothek\/Anschriften_Links\/anschriften_links-node.html<\/a><\/p>\n<h3>Recht auf Daten\u00fcbertragbarkeit<\/h3>\n<p>Sie haben das Recht, Daten, die wir auf Grundlage Ihrer Einwilligung oder in Erf\u00fcllung eines Vertrags automatisiert verarbeiten, an sich oder an einen Dritten in einem g\u00e4ngigen, maschinenlesbaren Format aush\u00e4ndigen zu lassen. Sofern Sie die direkte \u00dcbertragung der Daten an einen anderen Verantwortlichen verlangen, erfolgt dies nur, soweit es technisch machbar ist.<\/p>\n<h3>Auskunft, Sperrung, L\u00f6schung<\/h3>\n<p>Sie haben im Rahmen der geltenden gesetzlichen Bestimmungen jederzeit das Recht auf unentgeltliche Auskunft \u00fcber Ihre gespeicherten personenbezogenen Daten, deren Herkunft und Empf\u00e4nger und den Zweck der Datenverarbeitung und ggf. ein Recht auf Berichtigung, Sperrung oder L\u00f6schung dieser Daten. Hierzu sowie zu weiteren Fragen zum Thema personenbezogene Daten k\u00f6nnen Sie sich jederzeit unter der im Impressum angegebenen Adresse an uns wenden.<\/p>\n<h2>3. Datenerfassung auf unserer Website<\/h2>\n<h3>Server-Log-Files<\/h3>\n<p>Der Provider der Seiten erhebt und speichert automatisch Informationen in so genannten Server-Log-Dateien, die Ihr Browser automatisch an uns \u00fcbermittelt. Dies sind:<\/p>\n<ul>\n<li><span style=\"display: inline !important; float: none; background-color: transparent; color: #4e4e4e; cursor: text; font-family: 'Segoe UI',Calibri,'Myriad Pro',Myriad,'Trebuchet MS',Helvetica,Arial,sans-serif; font-size: 13px; font-style: normal; font-variant: normal; font-weight: 400; letter-spacing: normal; orphans: 2; text-align: left; text-decoration: none; text-indent: 0px; text-transform: none; -webkit-text-stroke-width: 0px; white-space: normal; word-spacing: 0px;\">Browsertyp und Browserversion<\/span><\/li>\n<li>verwendetes Betriebssystem<\/li>\n<li>Referrer URL<\/li>\n<li>Hostname des zugreifenden Rechners<\/li>\n<li>Uhrzeit der Serveranfrage<\/li>\n<li>IP-Adresse<\/li>\n<\/ul>\n<p>Eine Zusammenf\u00fchrung dieser Daten mit anderen Datenquellen wird nicht vorgenommen. Wir behalten uns vor, diese Daten nachtr\u00e4glich zu pr\u00fcfen, wenn uns konkrete Anhaltspunkte f\u00fcr eine rechtswidrige Nutzung bekannt werden. Die Daten werden f\u00fcr drei Tage gespeichert und dann gel\u00f6scht; sie k\u00f6nnen aber bedingt durch Backupprozesse noch bis zu 14 Tage nach Erhebung in verschl\u00fcsselter Form erhalten bleiben.<\/p>\n<h3>Content Security Policy &amp; Certificate Transparency<\/h3>\n<p>In seltenen Fehlerf\u00e4llen wie dem Verletzen von CSP- oder CT-Regeln verbindet sich Ihr Browser mit dem TIT Systems CDN (<a href=\"https:\/\/tit-cdn.de\">https:\/\/tit-cdn.de<\/a>) um diese Verst\u00f6\u00dfe zu melden. Dies dient Ihrer Sicherheit und der Sicherheit aller Besucher dieser Seite, da durch diese Methode gef\u00e4lschte TLS-Zerti\ufb01kate oder Angri\ufb00e wie Cross-site-scripting detektiert werden k\u00f6nnen. Welche Daten Ihr Browser dabei genau sendet (und dementsprechend bei dem Dienst gespeichert werden), h\u00e4ngt von Ihrem jeweiligen Browser und der Browserversion ab. Einen \u00dcberblick gibt es hier: <a href=\"https:\/\/www.w3.org\/TR\/CSP3\/#reporting\">CSP<\/a> und <a href=\"https:\/\/datatracker.ietf.org\/doc\/html\/draft-ietf-httpbis-expect-ct#section-3\">CT<\/a>. Die Daten werden im 24 Stunden-Takt anonymisiert (IP-Adresse wird entfernt), f\u00fcr 28 Tage gespeichert und dann gel\u00f6scht; sie k\u00f6nnen aber bedingt durch Backupprozesse noch bis zu 40 Tage nach Erhebung in verschl\u00fcsselter Form erhalten bleiben. Des Weiteren werden von diesem Dienst auch Server-Log-Files generiert, in welchen die gleichen Daten anfallen und f\u00fcr die gleichen Fristen gespeichert werden wie oben im Abschnitt \u201cServer-Log-Files\u201d f\u00fcr diese Website beschrieben.<br \/>\nBetreiber dieses Dienstes und damit verantwortlich ist<\/p>\n<p>Florian Thie<br \/>\nEschenstr. 3<br \/>\n01097 Dresden<\/p>\n<p>Die Datenschutzerkl\u00e4rung \ufb01nden Sie unter<br \/>\n<a href=\"https:\/\/tit-cdn.de\/privacy\/\">https:\/\/tit-cdn.de\/privacy\/<\/a>.<\/p>\n<p>Grundlage f\u00fcr die Datenverarbeitung ist Art. 6 Abs. 1 lit. f DS-GVO, der die Verarbeitung von Daten zur Erf\u00fcllung eines Vertrags oder vorvertraglicher Ma\u00dfnahmen gestattet<\/p>\n","protected":false},"excerpt":{"rendered":"<p>1. Datenschutz auf einen Blick Allgemeine Hinweise Die folgenden Hinweise geben einen einfachen \u00dcberblick dar\u00fcber, was mit Ihren personenbezogenen Daten passiert, wenn Sie unsere Website besuchen. Personenbezogene Daten sind alle Daten, mit denen Sie pers\u00f6nlich identi\ufb01ziert werden k\u00f6nnen. Datenerfassung auf unserer Website Wer ist verantwortlich f\u00fcr die Datenerfassung auf dieser Website? Die Datenverarbeitung auf dieser&hellip;<\/p>\n","protected":false},"author":8,"featured_media":0,"parent":0,"menu_order":0,"comment_status":"closed","ping_status":"closed","template":"","meta":{"footnotes":""},"_links":{"self":[{"href":"https:\/\/kolpingsfamilie-vechta-maria-frieden.de\/index.php?rest_route=\/wp\/v2\/pages\/2076"}],"collection":[{"href":"https:\/\/kolpingsfamilie-vechta-maria-frieden.de\/index.php?rest_route=\/wp\/v2\/pages"}],"about":[{"href":"https:\/\/kolpingsfamilie-vechta-maria-frieden.de\/index.php?rest_route=\/wp\/v2\/types\/page"}],"author":[{"embeddable":true,"href":"https:\/\/kolpingsfamilie-vechta-maria-frieden.de\/index.php?rest_route=\/wp\/v2\/users\/8"}],"replies":[{"embeddable":true,"href":"https:\/\/kolpingsfamilie-vechta-maria-frieden.de\/index.php?rest_route=%2Fwp%2Fv2%2Fcomments&post=2076"}],"version-history":[{"count":11,"href":"https:\/\/kolpingsfamilie-vechta-maria-frieden.de\/index.php?rest_route=\/wp\/v2\/pages\/2076\/revisions"}],"predecessor-version":[{"id":2542,"href":"https:\/\/kolpingsfamilie-vechta-maria-frieden.de\/index.php?rest_route=\/wp\/v2\/pages\/2076\/revisions\/2542"}],"wp:attachment":[{"href":"https:\/\/kolpingsfamilie-vechta-maria-frieden.de\/index.php?rest_route=%2Fwp%2Fv2%2Fmedia&parent=2076"}],"curies":[{"name":"wp","href":"https:\/\/api.w.org\/{rel}","templated":true}]}}