{"id":244,"date":"2010-10-28T14:26:54","date_gmt":"2010-10-28T12:26:54","guid":{"rendered":"https:\/\/kolpingsfamilie-vechta-maria-frieden.de\/?page_id=244"},"modified":"2025-01-27T19:02:50","modified_gmt":"2025-01-27T18:02:50","slug":"ansprechpartner","status":"publish","type":"page","link":"https:\/\/kolpingsfamilie-vechta-maria-frieden.de\/?page_id=244","title":{"rendered":"Ansprechpartner"},"content":{"rendered":"\n<h2 class=\"wp-block-heading\">Vorstand<\/h2>\n\n\n\n<figure class=\"wp-block-table\"><table><tbody><tr><td>Pr\u00e4ses:<\/td><td>Pfarrer em. Richard B\u00fcssing<br>Overbergstra\u00dfe 9<br>49377 Vechta<br>Tel.: 04441\/2811<\/td><\/tr><tr><td>Vorsitzenden-<br>team:&nbsp;<\/td><td>Franz Nuxoll<br>Kringelkamp 36<br>49377 Vechta<br>Tel.: 04441\/6147<br><span style=\"white-space: nowrap;\">info@kolpingsfamilie-vechta-maria-frieden.de<\/span><\/td><\/tr><tr><td><\/td><td>Franz-Josef Balster<br>Windm\u00fchlenweg 9<br>49377 Vechta<br>Tel. 04441\/2060<\/td><\/tr><tr><td><\/td><td>Norbert Belling<br>Asternweg 4a<br>49377 Vechta<br>Tel. 04441\/4344<\/td><\/tr><tr><td>Schrift-<br>f\u00fchrerin:<\/td><td>Mechthild Tepe<br>Theodor-Heuss-Stra\u00dfe 105<br>Tel.: 04441\/852068<br>info@kolpingsfamilie-vechta-maria-frieden.de<\/td><\/tr><tr><td><\/td><td>Ulrike Langhorst (Beisitzerin)<br>Theodor-Heuss-Stra\u00dfe 50<br>Tel.: 04441\/7178<br>info@kolpingsfamilie-vechta-maria-frieden.de<\/td><\/tr><tr><td>Kassiererin:<\/td><td>Maria Luise Kamphaus<br>Rombergstra\u00dfe 38<br>49377 Vechta<br>Tel. 04441\/5727<br><span style=\"white-space: nowrap;\">kassierer@kolpingsfamilie-vechta-maria-frieden.de<\/span><\/td><\/tr><\/tbody><\/table><\/figure>\n","protected":false},"excerpt":{"rendered":"<p>Vorstand Pr\u00e4ses: Pfarrer em. Richard B\u00fcssingOverbergstra\u00dfe 949377 VechtaTel.: 04441\/2811 Vorsitzenden-team:&nbsp; Franz NuxollKringelkamp 3649377 VechtaTel.: 04441\/6147info@kolpingsfamilie-vechta-maria-frieden.de Franz-Josef BalsterWindm\u00fchlenweg 949377 VechtaTel. 04441\/2060 Norbert BellingAsternweg 4a49377 VechtaTel. 04441\/4344 Schrift-f\u00fchrerin: Mechthild TepeTheodor-Heuss-Stra\u00dfe 105Tel.: 04441\/852068info@kolpingsfamilie-vechta-maria-frieden.de Ulrike Langhorst (Beisitzerin)Theodor-Heuss-Stra\u00dfe 50Tel.: 04441\/7178info@kolpingsfamilie-vechta-maria-frieden.de Kassiererin: Maria Luise KamphausRombergstra\u00dfe 3849377 VechtaTel. 04441\/5727kassierer@kolpingsfamilie-vechta-maria-frieden.de<\/p>\n","protected":false},"author":1,"featured_media":0,"parent":0,"menu_order":0,"comment_status":"closed","ping_status":"closed","template":"","meta":{"footnotes":""},"_links":{"self":[{"href":"https:\/\/kolpingsfamilie-vechta-maria-frieden.de\/index.php?rest_route=\/wp\/v2\/pages\/244"}],"collection":[{"href":"https:\/\/kolpingsfamilie-vechta-maria-frieden.de\/index.php?rest_route=\/wp\/v2\/pages"}],"about":[{"href":"https:\/\/kolpingsfamilie-vechta-maria-frieden.de\/index.php?rest_route=\/wp\/v2\/types\/page"}],"author":[{"embeddable":true,"href":"https:\/\/kolpingsfamilie-vechta-maria-frieden.de\/index.php?rest_route=\/wp\/v2\/users\/1"}],"replies":[{"embeddable":true,"href":"https:\/\/kolpingsfamilie-vechta-maria-frieden.de\/index.php?rest_route=%2Fwp%2Fv2%2Fcomments&post=244"}],"version-history":[{"count":53,"href":"https:\/\/kolpingsfamilie-vechta-maria-frieden.de\/index.php?rest_route=\/wp\/v2\/pages\/244\/revisions"}],"predecessor-version":[{"id":2852,"href":"https:\/\/kolpingsfamilie-vechta-maria-frieden.de\/index.php?rest_route=\/wp\/v2\/pages\/244\/revisions\/2852"}],"wp:attachment":[{"href":"https:\/\/kolpingsfamilie-vechta-maria-frieden.de\/index.php?rest_route=%2Fwp%2Fv2%2Fmedia&parent=244"}],"curies":[{"name":"wp","href":"https:\/\/api.w.org\/{rel}","templated":true}]}}