{"id":268,"date":"2010-10-28T15:13:30","date_gmt":"2010-10-28T13:13:30","guid":{"rendered":"https:\/\/kolpingsfamilie-vechta-maria-frieden.de\/?page_id=268"},"modified":"2010-10-28T15:22:48","modified_gmt":"2010-10-28T13:22:48","slug":"geschichte-des-kolpingwerks","status":"publish","type":"page","link":"https:\/\/kolpingsfamilie-vechta-maria-frieden.de\/?page_id=268","title":{"rendered":"Geschichte des Kolpingwerks"},"content":{"rendered":"<p style=\"text-align: center;\"><a href=\"https:\/\/kolpingsfamilie-vechta-maria-frieden.de\/wp-content\/uploads\/2010\/10\/Kolpingwerk1.jpg\"><img loading=\"lazy\" decoding=\"async\" class=\"size-full wp-image-173 aligncenter\" title=\"Kolpingwerk1\" src=\"https:\/\/kolpingsfamilie-vechta-maria-frieden.de\/wp-content\/uploads\/2010\/10\/Kolpingwerk1.jpg\" alt=\"\" width=\"182\" height=\"188\" srcset=\"https:\/\/kolpingsfamilie-vechta-maria-frieden.de\/wp-content\/uploads\/2010\/10\/Kolpingwerk1.jpg 182w, https:\/\/kolpingsfamilie-vechta-maria-frieden.de\/wp-content\/uploads\/2010\/10\/Kolpingwerk1-145x150.jpg 145w\" sizes=\"(max-width: 182px) 100vw, 182px\" \/><\/a><\/p>\n<p><strong> <\/strong><\/p>\n<p><strong>I. 1846 \u2013 1865: Gr\u00fcndungszeit <\/strong><\/p>\n<p>Adolph Kolping versteht die Lage der wandernden Handwerksgesellen in Zeiten  allgemeinen Umbruchs, wirtschaftlicher Not und gro\u00dfer Orientierungslosigkeit. Er  baut mit ihnen zusammen familienhafte Gemeinschaften auf, die Heimat bieten und  die Chance, sich beruflich und pers\u00f6nlich zu entwickeln.<\/p>\n<p><a href=\"https:\/\/kolpingsfamilie-vechta-maria-frieden.de\/wp-content\/uploads\/2010\/10\/Kolpingwerk2.jpg\"><img loading=\"lazy\" decoding=\"async\" class=\"alignleft size-full wp-image-174\" title=\"Kolpingwerk2\" src=\"https:\/\/kolpingsfamilie-vechta-maria-frieden.de\/wp-content\/uploads\/2010\/10\/Kolpingwerk2.jpg\" alt=\"\" width=\"147\" height=\"200\" srcset=\"https:\/\/kolpingsfamilie-vechta-maria-frieden.de\/wp-content\/uploads\/2010\/10\/Kolpingwerk2.jpg 147w, https:\/\/kolpingsfamilie-vechta-maria-frieden.de\/wp-content\/uploads\/2010\/10\/Kolpingwerk2-110x150.jpg 110w\" sizes=\"(max-width: 147px) 100vw, 147px\" \/><\/a><\/p>\n<p>In 20 Jahren entstehen rund 400 Gesellenvereine.<\/p>\n<ul>\n<li><strong>1846<\/strong>: Erster Gesellenverein in Elberfeld<\/li>\n<li><strong>1849<\/strong>: Gesellenverein K\u00f6ln<\/li>\n<li><strong>1850<\/strong>: Verbandsgr\u00fcndung durch Zusammenschluss der ersten  Vereine<\/li>\n<li><strong>1864<\/strong>: Abschlie\u00dfende Festlegung der \u00fcber\u00f6rtlichen Verbandsstruktur:  Di\u00f6zesanverb\u00e4nde, Zentralverb\u00e4nde, Gesamtverband<\/li>\n<li><strong>1865<\/strong>: Tod Adolph Kolping<\/li>\n<\/ul>\n<p><strong>II. 1865 \u2013 1901: ein Netzwerk entsteht <\/strong><\/p>\n<p>Gesellenvereine bilden ein immer dichter werdendes Netz mit klarem  Schwerpunkt im deutschsprachigen Raum. Mitglieder sind ausschlie\u00dflich ledige,  m\u00e4nnliche Handwerksgesellen; zugleich bilden sich Meister- und Lehrlingsvereine  und es entwickeln sich Formen der \u201eEinbindung\u201c von \u201eEhemaligen\u201c. Die  vereinseigenen Spar- und Krankenkassen breiten sich aus, ebenso die  Gesellenh\u00e4user (Kolpingh\u00e4user). In sog. Fachabteilungen werden berufsspezifische  Weiterbildungsm\u00f6glichkeiten angeboten, besonders zur Vorbereitung auf die  Meisterpr\u00fcfung.<br \/>\nDer Gesellenverein versteht sich als Teil der katholischen  Sozialbewegung und nimmt aktiv Anteil an den Bestrebungen zur L\u00f6sung aktueller  sozialer Fragen und Probleme.<\/p>\n<p style=\"text-align: center;\"><a href=\"https:\/\/kolpingsfamilie-vechta-maria-frieden.de\/wp-content\/uploads\/2010\/10\/Kolpingwerk3.jpg\"><img loading=\"lazy\" decoding=\"async\" class=\"size-full wp-image-175 aligncenter\" title=\"Kolpingwerk3\" src=\"https:\/\/kolpingsfamilie-vechta-maria-frieden.de\/wp-content\/uploads\/2010\/10\/Kolpingwerk3.jpg\" alt=\"\" width=\"351\" height=\"200\" srcset=\"https:\/\/kolpingsfamilie-vechta-maria-frieden.de\/wp-content\/uploads\/2010\/10\/Kolpingwerk3.jpg 351w, https:\/\/kolpingsfamilie-vechta-maria-frieden.de\/wp-content\/uploads\/2010\/10\/Kolpingwerk3-300x170.jpg 300w, https:\/\/kolpingsfamilie-vechta-maria-frieden.de\/wp-content\/uploads\/2010\/10\/Kolpingwerk3-150x85.jpg 150w\" sizes=\"(max-width: 351px) 100vw, 351px\" \/><\/a><\/p>\n<p><strong>III. 1901 \u2013 1933: Kolping wird international <\/strong><\/p>\n<p>Der Verband steht mitten in den Herausforderungen der Zeit  (Gewerkschaftsstreit, etc.); zugleich bedient er sich neuer, zeitgem\u00e4\u00dfer  Instrumentarien in organisatorischer und publizistischer Hinsicht. Im Gefolge  des Ersten Weltkrieges entstehen neue Zentralverb\u00e4nde in Europa. In der Weimarer  Republik \u00f6ffnen sich erstmals konkrete M\u00f6glichkeiten einer aktiven Teilhabe am  politischen Geschehen. F\u00fcr viele lokale Einrichtungen und Initiativen entstehen  zentrale Zusammenschl\u00fcsse (Krankenkassen, Gesellenh\u00e4user, Arbeitsnachweise,  etc.). Demokratische Strukturen pr\u00e4gen auch die Verbandsarbeit, z.B. durch die  Beteiligung der Mitglieder an den Beratungen und Beschl\u00fcssen auf \u00fcber\u00f6rtlicher  Ebene bis hin zur Generalversammlung.<\/p>\n<p style=\"text-align: center;\"><a href=\"https:\/\/kolpingsfamilie-vechta-maria-frieden.de\/wp-content\/uploads\/2010\/10\/Kolpingwerk4.jpg\"><img loading=\"lazy\" decoding=\"async\" class=\"size-full wp-image-176 aligncenter\" title=\"Kolpingwerk4\" src=\"https:\/\/kolpingsfamilie-vechta-maria-frieden.de\/wp-content\/uploads\/2010\/10\/Kolpingwerk4.jpg\" alt=\"\" width=\"323\" height=\"200\" srcset=\"https:\/\/kolpingsfamilie-vechta-maria-frieden.de\/wp-content\/uploads\/2010\/10\/Kolpingwerk4.jpg 323w, https:\/\/kolpingsfamilie-vechta-maria-frieden.de\/wp-content\/uploads\/2010\/10\/Kolpingwerk4-300x185.jpg 300w, https:\/\/kolpingsfamilie-vechta-maria-frieden.de\/wp-content\/uploads\/2010\/10\/Kolpingwerk4-150x92.jpg 150w\" sizes=\"(max-width: 323px) 100vw, 323px\" \/><\/a><\/p>\n<ul>\n<li><strong>1901<\/strong>: Gr\u00fcndung des Kolpingblattes als Verbandsorgan<\/li>\n<li><strong>1902<\/strong>: Einrichtung des Generalsekretariates als Verbandszentrale<\/li>\n<li><strong>1902<\/strong>: Einf\u00fchrung des Generalrates als Leitungsorgan des Gesamtverbandes<\/li>\n<li><strong>1921<\/strong>: Erstmalige Formulierung eines Verbandsprogrammes<\/li>\n<li><strong>1922<\/strong>: Erster internationaler Gesellentag in K\u00f6ln<\/li>\n<li><strong>1927<\/strong>: Zweiter internationaler Gesellentag in Wien<\/li>\n<li><strong>1928<\/strong>: Einf\u00fchrung des K-Zeichens als offizielles Verbandssignet<\/li>\n<\/ul>\n<p><strong>IV. 1933 \u2013 1945: R\u00fctteln an den Grundlagen<\/strong><\/p>\n<p><a href=\"https:\/\/kolpingsfamilie-vechta-maria-frieden.de\/wp-content\/uploads\/2010\/10\/Kolpingwerk5.jpg\"><img loading=\"lazy\" decoding=\"async\" class=\"size-full wp-image-177 alignright\" title=\"Kolpingwerk5\" src=\"https:\/\/kolpingsfamilie-vechta-maria-frieden.de\/wp-content\/uploads\/2010\/10\/Kolpingwerk5.jpg\" alt=\"\" width=\"152\" height=\"200\" srcset=\"https:\/\/kolpingsfamilie-vechta-maria-frieden.de\/wp-content\/uploads\/2010\/10\/Kolpingwerk5.jpg 152w, https:\/\/kolpingsfamilie-vechta-maria-frieden.de\/wp-content\/uploads\/2010\/10\/Kolpingwerk5-114x150.jpg 114w\" sizes=\"(max-width: 152px) 100vw, 152px\" \/><\/a><\/p>\n<ul>\n<li><strong>1933<\/strong>: Gewaltsame Unterdr\u00fcckung des M\u00fcnchener Gesellentages<\/li>\n<li><strong>1933<\/strong>: Neustrukturierung des Kolpingwerkes in Deutschland<\/li>\n<li><strong>1935<\/strong>: Der Gesamtverband nimmt den Namen Kolpingwerk an<\/li>\n<\/ul>\n<p><strong>VI. 1971 \u2013 1991: Kolping w\u00e4chst<\/strong><\/p>\n<p>Das Kolpingwerk Deutschland erlebt zun\u00e4chst ein deutliches Wachstum der  Mitgliederzahlen, die sich auf hohem Niveau stabilisieren. Zur Attraktivit\u00e4t des  Verbandes tr\u00e4gt auch der besondere Akzent einer zielgruppenorientierten Arbeit  bei. Insbesondere junge Familien und Senioren werden hiermit angesprochen.  Inhaltlich (programmatisch und strukturell (satzungsm\u00e4\u00dfig) werden neue  Orientierungen gesucht und gefunden. Viele neue Einrichtungen entstehen im  Zusammenhang mit aktuellen gesellschaftlichen Aufgaben und Herausforderungen  (Bildungswerke, Familienferienwerke, etc.).<br \/>\nDas Internationale Kolpingwerk  dehnt sich rasch aus, gerade in L\u00e4ndern der sogenannten Dr\u00edtten Welt. Mit dem  Fall des eisernen Vorhangs er\u00f6ffnen sich neue Perspektiven f\u00fcr die  Verbandsarbeit im ehemals kommunistischen Machtbereich.<\/p>\n<p style=\"text-align: center;\"><a href=\"https:\/\/kolpingsfamilie-vechta-maria-frieden.de\/wp-content\/uploads\/2010\/10\/Kolpingwerk6.jpg\"><img loading=\"lazy\" decoding=\"async\" class=\"size-full wp-image-178 aligncenter\" title=\"Kolpingwerk6\" src=\"https:\/\/kolpingsfamilie-vechta-maria-frieden.de\/wp-content\/uploads\/2010\/10\/Kolpingwerk6.jpg\" alt=\"\" width=\"170\" height=\"246\" srcset=\"https:\/\/kolpingsfamilie-vechta-maria-frieden.de\/wp-content\/uploads\/2010\/10\/Kolpingwerk6.jpg 170w, https:\/\/kolpingsfamilie-vechta-maria-frieden.de\/wp-content\/uploads\/2010\/10\/Kolpingwerk6-103x150.jpg 103w\" sizes=\"(max-width: 170px) 100vw, 170px\" \/><\/a><\/p>\n<ul>\n<li><strong>1982<\/strong>: Programm f\u00fcr das Internationale Kolpingwerk<\/li>\n<li><strong>1990<\/strong>: Wiederentstehen eines gesamtdeutschen Zentralverbandes<\/li>\n<li><strong>1991<\/strong>: Seligsprechung Adolph Kolpings<\/li>\n<\/ul>\n<p><strong>VII. 1991 bis heute: Katholischer Verband im Umfeld tiefgreifender  S\u00e4kularisierung<\/strong><\/p>\n<p>F\u00fcr das Kolpingwerk in Deutschland stellen sich die 90er Jahre als eine Phase  intensiver inhaltlicher Arbeit dar. Ein wichtiger Strang ist hier die Konzeption  der zielgruppenorientierten Arbeit, die zunehmende Bedeutung in der praktischen  Arbeit vor Ort erf\u00e4hrt. Die wichtigsten Bereiche sind hier die Arbeit mit  Kindern, mit jungen Familien und mit Senioren. Gerade der letztgenannte Bereich  nimmt immer mehr an Bedeutung zu. In der Mitgliederentwicklung kann das fr\u00fchere  Wachstum zwar nicht durchgehalten werden, aber die Mitgliederzahl bleibt noch \u2013  und dies schon seit vielen Jahren \u2013 konstant bei rund 277.000. In der Struktur  der Mitgliedschaft geht der Anteil j\u00fcngerer Menschen (Kolpingjugend) leider  allm\u00e4hlich zur\u00fcck; auch dadurch steigert sich der Altersdurchschnitt insgesamt.  Rund ein Drittel aller Mitglieder sind heute weiblich, in der Kolpingjugend  sogar rund 50%. Wichtige \u00c4nderungen f\u00fcr die Verbandsarbeit bringt die  Zentralversammlung im November 1994 Augsburg, fortgesetzt im Januar 1995 in  H\u00fcnfeld: Das Kolpingwerk Deutscher Zentralverband hei\u00dft k\u00fcnftig Kolpingwerk  Deutschland; in allen Satzungen, etc. wird der Begriff \u201aZentral\u2019 durch \u201aBund\u2019  ersetzt (Bundesversammlung, etc.). Die bisherige Struktur von Altersgruppen und  Sachbereichen wird aufgegeben zugunsten eines flexibleren Ansatzes, wo die  Kolpingsfamilien selbst je nach ihren inhaltlichen Aufgaben und Schwerpunkten  die Zusammensetzung des Vorstandes regeln k\u00f6nnen und sollen. Entsprechendes gilt  auch f\u00fcr die \u00fcber\u00f6rtlichen Ebenen. Mit der Bundesversammlung 1996 in Vechta  erfolgt durch die Wahl von Alois Schr\u00f6der zum Bundespr\u00e4ses die Trennung der  \u00c4mter des Generalpr\u00e4ses und des deutschen Zentralpr\u00e4ses. Hier wird auch \u00fcber die  geplante Neufassung des bisherigen Verbandsprogramms beschlossen, wo nach einem  intensiven innerverbandlichen Dialogproze\u00df das neue Leitbild des Kolpingwerkes  Deutschland durch die Bundesversammlung des Jahres 2000 in Dresden beschlossen  wird. Ein Markstein in der Geschichte des deutschen Kolpingwerkes ist dann der  Kolpingtag im Herbst 2000 in K\u00f6ln mit mehr als 20.000 Teilnehmern, der auch so  etwas wie den \u201eStartschu\u00df\u201c zur Umsetzung des neuen Leitbildes geben soll, die  nach wie vor den derzeit aktuellen Schwerpunkt der Verbandsarbeit  darstellt.<br \/>\nEine neue Akzentuierung erf\u00e4hrt die Arbeit des Kolpingwerkes auf  internationaler Ebene durch die in den 90er Jahren erfolgende Bildung von  Kontinentalverb\u00e4nden bzw. kontinentalen Arbeitsgemeinschaften. Solche  Arbeitsstrukturen, die vor allem dem Meinungs- und Erfahrungsaustausch, der  F\u00f6rderung der regionalen Zusammenarbeit und der Unterst\u00fctzung beim Aufbau des  Verbandes in \u201eneuen\u201c L\u00e4ndern dienen sollen, bestehen derzeit in Afrika,  Lateinamerika und Europa. Im europ\u00e4ischen Bereich liegt ein besonderer Akzent in  der politischen Interessenvertretung gegen\u00fcber dem Europarat und der EU, von  deren anstehender Osterweiterung ja viele der jungen Verb\u00e4nde im ehemaligen  Ostblock betroffen sind. Mit der Generalversammlung des Internationalen  Kolpingwerkes in Tuxtla Gutierrez im Fr\u00fchjahr 2002 endet die drei\u00dfigj\u00e4hrige  Amtszeit von Generalpr\u00e4ses Heinrich Festing. Zu seinem Nachfolger wird der  K\u00f6lner Di\u00f6zesanpr\u00e4ses Axel Werner gew\u00e4hlt. Wichtigster inhaltlicher Aspekt  dieser Generalversammlung ist die Verabschiedung der \u201eLeitlinien f\u00fcr die  internationale Solidarit\u00e4t\u201c, die an die Stelle der bisherigen  entwicklungspolitischen Leitlinien treten. Im Rahmen der \u00c4nderung des  Generalstatuts wird die Bezeichnung \u201eZentralverb\u00e4nde\u201c durch \u201eNationalverb\u00e4nde\u201c  ersetzt.<br \/>\nAktuelle Aufgaben und Herausforderungen f\u00fcr einen katholischen  Sozialverband stellen sich heute auf nationaler, europ\u00e4ischer und  internationaler Ebene in hohem Ma\u00dfe. Auf allen Ebenen hat das Kolpingwerk im  Laufe seiner Geschichte seine recht verstandene Anpassungsf\u00e4higkeit bewiesen,  indem es immer wieder verstanden hat, die grundlegenden Ideen und Ziele Adolph  Kolpings in einer den jeweiligen Zeitverh\u00e4ltnissen angemessenen Weise  umzusetzen. Vor dieser Aufgabe steht auch heute das Kolpingwerk, gerade in den  \u201aalten\u2019 Nationalverb\u00e4nden; vielf\u00e4ltige Bem\u00fchungen sind erforderlich, um \u2013  durchaus auch im Blick auf manche Schwachstellen der Verbandsarbeit \u2013 eine  wirkungsvolle und erfolgreiche Zukunft als moderner und attraktiver katholischer  Sozialverband zu erm\u00f6glichen.<\/p>\n<ul>\n<li><strong>2000<\/strong>: Neues Programm (Leitbild) des Kolpingwerkes Deutschland<\/li>\n<li><strong>2000<\/strong>: Kolpingtag 2000 in K\u00f6ln<\/li>\n<\/ul>\n","protected":false},"excerpt":{"rendered":"<p>I. 1846 \u2013 1865: Gr\u00fcndungszeit Adolph Kolping versteht die Lage der wandernden Handwerksgesellen in Zeiten allgemeinen Umbruchs, wirtschaftlicher Not und gro\u00dfer Orientierungslosigkeit. Er baut mit ihnen zusammen familienhafte Gemeinschaften auf, die Heimat bieten und die Chance, sich beruflich und pers\u00f6nlich zu entwickeln. In 20 Jahren entstehen rund 400 Gesellenvereine. 1846: Erster Gesellenverein in Elberfeld 1849:&hellip;<\/p>\n","protected":false},"author":1,"featured_media":0,"parent":0,"menu_order":0,"comment_status":"closed","ping_status":"closed","template":"","meta":{"footnotes":""},"_links":{"self":[{"href":"https:\/\/kolpingsfamilie-vechta-maria-frieden.de\/index.php?rest_route=\/wp\/v2\/pages\/268"}],"collection":[{"href":"https:\/\/kolpingsfamilie-vechta-maria-frieden.de\/index.php?rest_route=\/wp\/v2\/pages"}],"about":[{"href":"https:\/\/kolpingsfamilie-vechta-maria-frieden.de\/index.php?rest_route=\/wp\/v2\/types\/page"}],"author":[{"embeddable":true,"href":"https:\/\/kolpingsfamilie-vechta-maria-frieden.de\/index.php?rest_route=\/wp\/v2\/users\/1"}],"replies":[{"embeddable":true,"href":"https:\/\/kolpingsfamilie-vechta-maria-frieden.de\/index.php?rest_route=%2Fwp%2Fv2%2Fcomments&post=268"}],"version-history":[{"count":13,"href":"https:\/\/kolpingsfamilie-vechta-maria-frieden.de\/index.php?rest_route=\/wp\/v2\/pages\/268\/revisions"}],"predecessor-version":[{"id":273,"href":"https:\/\/kolpingsfamilie-vechta-maria-frieden.de\/index.php?rest_route=\/wp\/v2\/pages\/268\/revisions\/273"}],"wp:attachment":[{"href":"https:\/\/kolpingsfamilie-vechta-maria-frieden.de\/index.php?rest_route=%2Fwp%2Fv2%2Fmedia&parent=268"}],"curies":[{"name":"wp","href":"https:\/\/api.w.org\/{rel}","templated":true}]}}