{"id":414,"date":"2010-12-07T17:40:14","date_gmt":"2010-12-07T16:40:14","guid":{"rendered":"https:\/\/kolpingsfamilie-vechta-maria-frieden.de\/?page_id=414"},"modified":"2021-03-10T19:31:12","modified_gmt":"2021-03-10T18:31:12","slug":"bucheraktion","status":"publish","type":"page","link":"https:\/\/kolpingsfamilie-vechta-maria-frieden.de\/?page_id=414","title":{"rendered":"B\u00fccheraktion"},"content":{"rendered":"\n<p>Eine gro\u00dfe Herausforderung war die Erstellung des Backbuches und des Kochbuches.<\/p>\n\n\n\n<p>Anfang 1993 kam erstmals der Gedanke auf, ein Backbuch zu erstellen, denn die Kolpingsfamilie wollte auf diese Art den Bau des Behindertenheimes f\u00fcr Kinder in Rum\u00e4nien unterst\u00fctzen. Nach Kostenvoranschl\u00e4gen und Zusagen der Sponsoren konnte das Werk in Angriff genommen werden.<\/p>\n\n\n\n<p>Eifrig wurden unsere bew\u00e4hrten und erprobten Rezepte f\u00fcr Torten, Obst- und Topfkuchen, Brote und Br\u00f6tchen, Geb\u00e4ck und Kuchen aus der Weihnachtsb\u00e4ckerei und Leckeres zu Wein und Bier zusammengetragen. So wurde sortiert und ausgew\u00e4hlt, denn die Backanleitungen sollten einfach und verst\u00e4ndlich sein. Auch die k\u00fcnstlerische Gestaltung des Buches kam nicht zu kurz. Die 1.\u202fAuflage des Buches war sofort vergriffen. Mit solchem Ansturm hatten wir nicht gerechnet. Darum erfolgten noch mehrere Neuauflagen. Der Erl\u00f6s dieser gesamten Aktion wurde Pfarrer Richard B\u00fcssing \u00fcberreicht, um den behinderten Kindern in Rum\u00e4nien ein menschenw\u00fcrdiges Leben zu erm\u00f6glichen.<\/p>\n\n\n\n<p>Der Februar 2002 war die &#8222;Geburtsstunde&#8220; des Kochbuches. In den folgenden Wochen und Monaten wurden flei\u00dfig unsere Lieblingsrezepte gesammelt. Es folgten Sortieren, Vergleichen, Ausw\u00e4hlen, Zusammenfassen und Schreiben der Rezepte.<\/p>\n\n\n\n<p>Endlich nach der letzten Korrektur und der Gestaltung des Buches mit eigens f\u00fcr diesen Zweck gemalten Bildern und dank der Sponsoren ging das Kochbuch mit dem Titel <em>Suppen, Salate, Dips und Snacks<\/em> Anfang&nbsp; September in Druck. P\u00fcnktlich zum Thomasmarkt konnten die ersten Kochb\u00fccher verkauft werden. Der Verkauf \u00fcberraschte uns auch dieses Mal wieder, so dass schon bald eine Neuauflage gedruckt wurde. Dieser folgten noch weitere. Der Erl\u00f6s dieses Buches wurde dem <em>Verein f\u00fcr krebskranke Kinder in Vechta<\/em> und dem <em>Verein f\u00fcr Integration behinderter Menschen<\/em> zur Verf\u00fcgung gestellt.<\/p>\n\n\n\n<p>Seit August 2011 gibt es ein drittes Buch &#8222;Hauptgerichte und Desserts&#8220;<\/p>\n\n\n\n<figure class=\"wp-block-image\"><img decoding=\"async\" src=\"wp-content\/uploads\/2011\/08\/Buecher.jpg\" alt=\"\"\/><figcaption>Back- und Kochb\u00fccher<\/figcaption><\/figure>\n\n\n\n<p>Leider sind das blaue Buch &#8222;Brot, Kuchen &amp; Geb\u00e4ck&#8220; und das gr\u00fcne Buch &#8222;Suppen, Salate, Dips und Snacks&#8220; bereits ausverkauft. Das rote Buch &#8222;Hauptgerichte &amp; Desserts&#8220; ist zum Preis von 12,00 \u20ac unter folgender Adresse erh\u00e4ltlich:<\/p>\n\n\n\n<p>Mechthild Thie<br>Pickerskamp 6a<br>49377 Vechta<\/p>\n\n\n\n<p>Auf dem Kolpingtag 2011 konnte schon ein Spende in H\u00f6he von 3.000,00 \u20ac f\u00fcr den Baby-Notarztwagen&nbsp; \u00fcberreicht werden.<\/p>\n\n\n\n<p>Auf dem Kolpinggedenktag 2012 konnten weitere 4.000,00 \u20ac aus dem aus dem Erl\u00f6s der Rezeptbuchaktion \u00fcbergeben werden.<\/p>\n\n\n\n<p>&#8211; 1.000,00 \u20ac an die Rum\u00e4nienhilfe<\/p>\n\n\n\n<p>&#8211; 1.000,00 \u20ac f\u00fcr die Renovierung des Frauenhauses<\/p>\n\n\n\n<p>&#8211; 1.600,00 \u20ac zur Anschaffung eines Defibrillators<\/p>\n\n\n\n<p>&#8211; 200,00 \u20ac als Zuschuss f\u00fcr den Wintergang<\/p>\n\n\n\n<p>&#8211; 200,00 \u20ac als Zuschuss f\u00fcr des Tagesausflug nach M\u00fcnster<\/p>\n","protected":false},"excerpt":{"rendered":"<p>Eine gro\u00dfe Herausforderung war die Erstellung des Backbuches und des Kochbuches. Anfang 1993 kam erstmals der Gedanke auf, ein Backbuch zu erstellen, denn die Kolpingsfamilie wollte auf diese Art den Bau des Behindertenheimes f\u00fcr Kinder in Rum\u00e4nien unterst\u00fctzen. Nach Kostenvoranschl\u00e4gen und Zusagen der Sponsoren konnte das Werk in Angriff genommen werden. Eifrig wurden unsere bew\u00e4hrten&hellip;<\/p>\n","protected":false},"author":1,"featured_media":0,"parent":0,"menu_order":0,"comment_status":"closed","ping_status":"closed","template":"","meta":{"footnotes":""},"_links":{"self":[{"href":"https:\/\/kolpingsfamilie-vechta-maria-frieden.de\/index.php?rest_route=\/wp\/v2\/pages\/414"}],"collection":[{"href":"https:\/\/kolpingsfamilie-vechta-maria-frieden.de\/index.php?rest_route=\/wp\/v2\/pages"}],"about":[{"href":"https:\/\/kolpingsfamilie-vechta-maria-frieden.de\/index.php?rest_route=\/wp\/v2\/types\/page"}],"author":[{"embeddable":true,"href":"https:\/\/kolpingsfamilie-vechta-maria-frieden.de\/index.php?rest_route=\/wp\/v2\/users\/1"}],"replies":[{"embeddable":true,"href":"https:\/\/kolpingsfamilie-vechta-maria-frieden.de\/index.php?rest_route=%2Fwp%2Fv2%2Fcomments&post=414"}],"version-history":[{"count":33,"href":"https:\/\/kolpingsfamilie-vechta-maria-frieden.de\/index.php?rest_route=\/wp\/v2\/pages\/414\/revisions"}],"predecessor-version":[{"id":2419,"href":"https:\/\/kolpingsfamilie-vechta-maria-frieden.de\/index.php?rest_route=\/wp\/v2\/pages\/414\/revisions\/2419"}],"wp:attachment":[{"href":"https:\/\/kolpingsfamilie-vechta-maria-frieden.de\/index.php?rest_route=%2Fwp%2Fv2%2Fmedia&parent=414"}],"curies":[{"name":"wp","href":"https:\/\/api.w.org\/{rel}","templated":true}]}}