{"id":62,"date":"2010-10-27T10:44:29","date_gmt":"2010-10-27T08:44:29","guid":{"rendered":"https:\/\/kolpingsfamilie-vechta-maria-frieden.de\/?page_id=62"},"modified":"2023-12-17T14:57:22","modified_gmt":"2023-12-17T13:57:22","slug":"startseite","status":"publish","type":"page","link":"https:\/\/kolpingsfamilie-vechta-maria-frieden.de\/","title":{"rendered":"Willkommen!"},"content":{"rendered":"\n<h4 class=\"wp-block-heading\"><strong>Willkommen auf der Webseite der Kolpingsfamilie Vechta Maria Frieden!<\/strong><\/h4>\n\n\n\n<p>Unsere Kolpingsfamilie wurde im Jahr 1983 gegr\u00fcndet. Sie ist eine der j\u00fcngsten Kolpingsfamilien im Oldenburger Land mit zurzeit 223 Mitgliedern (Stand Dezember 2023). Jung und Alt trifft sich zu den verschiedensten Aktivit\u00e4ten, z.\u202fB. zu Bildungsveranstaltungen mit Referenten, Betriebsbesichtigungen, Gottesdiensten und nat\u00fcrlich auch zum geselligen Beisammensein wie Kolpingball, Mai- und Wintergang, Adventsfeier etc.<\/p>\n\n\n\n<p>Alle Veranstaltungen&nbsp;und Aktivit\u00e4ten sind offen f\u00fcr Interessierte. Wir sind keine geschlossene Gesellschaft.<\/p>\n\n\n\n<p>Die Kolpingsfamilie geh\u00f6rt zum Kolpingwerk Deutschland und zum internationalen Kolpingwerk. Der Verwaltungssitz befindet sich in K\u00f6ln. Dort liegt auch der Gr\u00fcnder Adolph Kolping in der Minoritenkirche begraben.<\/p>\n\n\n<div class=\"wp-block-image\">\n<figure class=\"aligncenter size-large\"><img loading=\"lazy\" decoding=\"async\" width=\"1024\" height=\"492\" src=\"https:\/\/kolpingsfamilie-vechta-maria-frieden.de\/wp-content\/uploads\/2023\/09\/2023-08-30_Kolpingsfamilie_40-1024x492.jpg\" alt=\"\" class=\"wp-image-2742\" srcset=\"https:\/\/kolpingsfamilie-vechta-maria-frieden.de\/wp-content\/uploads\/2023\/09\/2023-08-30_Kolpingsfamilie_40-1024x492.jpg 1024w, https:\/\/kolpingsfamilie-vechta-maria-frieden.de\/wp-content\/uploads\/2023\/09\/2023-08-30_Kolpingsfamilie_40-300x144.jpg 300w, https:\/\/kolpingsfamilie-vechta-maria-frieden.de\/wp-content\/uploads\/2023\/09\/2023-08-30_Kolpingsfamilie_40-768x369.jpg 768w, https:\/\/kolpingsfamilie-vechta-maria-frieden.de\/wp-content\/uploads\/2023\/09\/2023-08-30_Kolpingsfamilie_40-1536x738.jpg 1536w, https:\/\/kolpingsfamilie-vechta-maria-frieden.de\/wp-content\/uploads\/2023\/09\/2023-08-30_Kolpingsfamilie_40-2048x984.jpg 2048w, https:\/\/kolpingsfamilie-vechta-maria-frieden.de\/wp-content\/uploads\/2023\/09\/2023-08-30_Kolpingsfamilie_40-150x72.jpg 150w\" sizes=\"(max-width: 1024px) 100vw, 1024px\" \/><\/figure><\/div>\n\n\n<p class=\"has-text-align-center\"><strong>Kolpingsfamilie Vechta Maria Frieden beim 40-j\u00e4hrigen Jubil\u00e4um am 30.08.2023<\/strong><\/p>\n","protected":false},"excerpt":{"rendered":"<p>Willkommen auf der Webseite der Kolpingsfamilie Vechta Maria Frieden! Unsere Kolpingsfamilie wurde im Jahr 1983 gegr\u00fcndet. Sie ist eine der j\u00fcngsten Kolpingsfamilien im Oldenburger Land mit zurzeit 223 Mitgliedern (Stand Dezember 2023). Jung und Alt trifft sich zu den verschiedensten Aktivit\u00e4ten, z.\u202fB. zu Bildungsveranstaltungen mit Referenten, Betriebsbesichtigungen, Gottesdiensten und nat\u00fcrlich auch zum geselligen Beisammensein wie&hellip;<\/p>\n","protected":false},"author":1,"featured_media":0,"parent":0,"menu_order":0,"comment_status":"closed","ping_status":"closed","template":"","meta":{"footnotes":""},"_links":{"self":[{"href":"https:\/\/kolpingsfamilie-vechta-maria-frieden.de\/index.php?rest_route=\/wp\/v2\/pages\/62"}],"collection":[{"href":"https:\/\/kolpingsfamilie-vechta-maria-frieden.de\/index.php?rest_route=\/wp\/v2\/pages"}],"about":[{"href":"https:\/\/kolpingsfamilie-vechta-maria-frieden.de\/index.php?rest_route=\/wp\/v2\/types\/page"}],"author":[{"embeddable":true,"href":"https:\/\/kolpingsfamilie-vechta-maria-frieden.de\/index.php?rest_route=\/wp\/v2\/users\/1"}],"replies":[{"embeddable":true,"href":"https:\/\/kolpingsfamilie-vechta-maria-frieden.de\/index.php?rest_route=%2Fwp%2Fv2%2Fcomments&post=62"}],"version-history":[{"count":51,"href":"https:\/\/kolpingsfamilie-vechta-maria-frieden.de\/index.php?rest_route=\/wp\/v2\/pages\/62\/revisions"}],"predecessor-version":[{"id":2764,"href":"https:\/\/kolpingsfamilie-vechta-maria-frieden.de\/index.php?rest_route=\/wp\/v2\/pages\/62\/revisions\/2764"}],"wp:attachment":[{"href":"https:\/\/kolpingsfamilie-vechta-maria-frieden.de\/index.php?rest_route=%2Fwp%2Fv2%2Fmedia&parent=62"}],"curies":[{"name":"wp","href":"https:\/\/api.w.org\/{rel}","templated":true}]}}